{"id":358,"date":"2025-07-26T10:52:11","date_gmt":"2025-07-26T08:52:11","guid":{"rendered":"https:\/\/vincenthelbig.pl\/?page_id=358"},"modified":"2025-07-26T10:52:35","modified_gmt":"2025-07-26T08:52:35","slug":"kontakt","status":"publish","type":"page","link":"https:\/\/vincenthelbig.pl\/de\/kontakt\/","title":{"rendered":"Kontakt"},"content":{"rendered":"<div data-elementor-type=\"wp-page\" data-elementor-id=\"358\" class=\"elementor elementor-358\" data-elementor-post-type=\"page\">\n\t\t\t\t<div class=\"elementor-element elementor-element-8b5c4ae e-con-full e-flex e-con e-parent\" data-id=\"8b5c4ae\" data-element_type=\"container\">\n\t\t\t\t<div class=\"elementor-element elementor-element-662f354 elementor-widget elementor-widget-shortcode\" data-id=\"662f354\" data-element_type=\"widget\" data-widget_type=\"shortcode.default\">\n\t\t\t\t\t\t\t<div class=\"elementor-shortcode\">\t\t<div data-elementor-type=\"container\" data-elementor-id=\"355\" class=\"elementor elementor-355\" data-elementor-post-type=\"elementor_library\">\n\t\t\t\t<div class=\"elementor-element elementor-element-241b18b5 e-flex e-con-boxed e-con e-parent\" data-id=\"241b18b5\" data-element_type=\"container\" data-settings=\"{&quot;background_background&quot;:&quot;classic&quot;}\">\n\t\t\t\t\t<div class=\"e-con-inner\">\n\t\t<div class=\"elementor-element elementor-element-71331b8a e-con-full e-flex e-con e-child\" data-id=\"71331b8a\" data-element_type=\"container\">\n\t\t<div class=\"elementor-element elementor-element-7767027d e-con-full e-flex e-con e-child\" data-id=\"7767027d\" data-element_type=\"container\">\n\t\t\t\t<div class=\"elementor-element elementor-element-77794829 elementor-widget__width-inherit elementor-widget elementor-widget-image\" data-id=\"77794829\" data-element_type=\"widget\" data-widget_type=\"image.default\">\n\t\t\t\t\t\t\t\t\t\t\t\t\t\t\t<img fetchpriority=\"high\" decoding=\"async\" width=\"909\" height=\"901\" src=\"https:\/\/vincenthelbig.pl\/wp-content\/uploads\/2025\/07\/iuiuiu2.png\" class=\"attachment-full size-full wp-image-100\" alt=\"\" srcset=\"https:\/\/vincenthelbig.pl\/wp-content\/uploads\/2025\/07\/iuiuiu2.png 909w, https:\/\/vincenthelbig.pl\/wp-content\/uploads\/2025\/07\/iuiuiu2-100x100.png 100w, https:\/\/vincenthelbig.pl\/wp-content\/uploads\/2025\/07\/iuiuiu2-600x595.png 600w, https:\/\/vincenthelbig.pl\/wp-content\/uploads\/2025\/07\/iuiuiu2-300x297.png 300w, https:\/\/vincenthelbig.pl\/wp-content\/uploads\/2025\/07\/iuiuiu2-150x150.png 150w, https:\/\/vincenthelbig.pl\/wp-content\/uploads\/2025\/07\/iuiuiu2-768x761.png 768w\" sizes=\"(max-width: 909px) 100vw, 909px\" \/>\t\t\t\t\t\t\t\t\t\t\t\t\t\t\t<\/div>\n\t\t\t\t<\/div>\n\t\t\t\t<\/div>\n\t\t<div class=\"elementor-element elementor-element-13cee8c8 e-con-full e-flex e-con e-child\" data-id=\"13cee8c8\" data-element_type=\"container\">\n\t\t\t\t<div class=\"elementor-element elementor-element-7bba8b16 elementor-widget elementor-widget-heading\" data-id=\"7bba8b16\" data-element_type=\"widget\" data-widget_type=\"heading.default\">\n\t\t\t\t\t<h2 class=\"elementor-heading-title elementor-size-default\">Napisz do mnie<\/h2>\t\t\t\t<\/div>\n\t\t\t\t<div class=\"elementor-element elementor-element-46772ef elementor-widget-divider--view-line elementor-widget elementor-widget-divider\" data-id=\"46772ef\" data-element_type=\"widget\" data-widget_type=\"divider.default\">\n\t\t\t\t\t\t\t<div class=\"elementor-divider\">\n\t\t\t<span class=\"elementor-divider-separator\">\n\t\t\t\t\t\t<\/span>\n\t\t<\/div>\n\t\t\t\t\t\t<\/div>\n\t\t<div class=\"elementor-element elementor-element-477ea2c9 e-con-full e-flex e-con e-child\" data-id=\"477ea2c9\" data-element_type=\"container\">\n\t\t\t\t<div class=\"elementor-element elementor-element-2a0038d6 elementor-button-align-end formcontact elementor-widget__width-inherit elementor-widget-laptop__width-inherit elementor-widget elementor-widget-form\" data-id=\"2a0038d6\" data-element_type=\"widget\" data-settings=\"{&quot;step_next_label&quot;:&quot;Nast\\u0119pny&quot;,&quot;step_previous_label&quot;:&quot;Poprzedni&quot;,&quot;button_width&quot;:&quot;100&quot;,&quot;step_type&quot;:&quot;number_text&quot;,&quot;step_icon_shape&quot;:&quot;circle&quot;}\" data-widget_type=\"form.default\">\n\t\t\t\t\t\t\t<form class=\"elementor-form\" method=\"post\" name=\"Kontakt\" aria-label=\"Kontakt\" novalidate=\"\" action=\"\">\n\t\t\t<input type=\"hidden\" name=\"post_id\" value=\"355\"\/>\n\t\t\t<input type=\"hidden\" name=\"form_id\" value=\"2a0038d6\"\/>\n\t\t\t<input type=\"hidden\" name=\"referer_title\" value=\"Vincent Helbig - Wasz Niemiec\" \/>\n\n\t\t\t\t\t\t\t<input type=\"hidden\" name=\"queried_id\" value=\"7\"\/>\n\t\t\t\n\t\t\t<div class=\"elementor-form-fields-wrapper elementor-labels-above\">\n\t\t\t\t\t\t\t\t<div class=\"elementor-field-type-text elementor-field-group elementor-column elementor-field-group-name elementor-col-50 elementor-field-required\">\n\t\t\t\t\t\t\t\t\t\t\t\t<label for=\"form-field-name\" class=\"elementor-field-label\">\n\t\t\t\t\t\t\t\tImi\u0119*\t\t\t\t\t\t\t<\/label>\n\t\t\t\t\t\t\t\t\t\t\t\t\t\t<input size=\"1\" type=\"text\" name=\"form_fields[name]\" id=\"form-field-name\" class=\"elementor-field elementor-size-lg  elementor-field-textual\" placeholder=\"Wpisz swoje imi\u0119\" required=\"required\">\n\t\t\t\t\t\t\t\t\t\t\t<\/div>\n\t\t\t\t\t\t\t\t<div class=\"elementor-field-type-text elementor-field-group elementor-column elementor-field-group-field_20652da elementor-col-50 elementor-field-required\">\n\t\t\t\t\t\t\t\t\t\t\t\t<label for=\"form-field-field_20652da\" class=\"elementor-field-label\">\n\t\t\t\t\t\t\t\tNazwisko*\t\t\t\t\t\t\t<\/label>\n\t\t\t\t\t\t\t\t\t\t\t\t\t\t<input size=\"1\" type=\"text\" name=\"form_fields[field_20652da]\" id=\"form-field-field_20652da\" class=\"elementor-field elementor-size-lg  elementor-field-textual\" placeholder=\"Wpisz swoje nazwisko\" required=\"required\">\n\t\t\t\t\t\t\t\t\t\t\t<\/div>\n\t\t\t\t\t\t\t\t<div class=\"elementor-field-type-tel elementor-field-group elementor-column elementor-field-group-phone elementor-col-50 elementor-field-required\">\n\t\t\t\t\t\t\t\t\t\t\t\t<label for=\"form-field-phone\" class=\"elementor-field-label\">\n\t\t\t\t\t\t\t\tNumer telefonu*\t\t\t\t\t\t\t<\/label>\n\t\t\t\t\t\t\t\t<input size=\"1\" type=\"tel\" name=\"form_fields[phone]\" id=\"form-field-phone\" class=\"elementor-field elementor-size-lg  elementor-field-textual\" placeholder=\"Wpisz sw\u00f3j numer\" required=\"required\" pattern=\"[0-9()#&amp;+*-=.]+\" title=\"Akceptowane s\u0105 jedynie cyfry i znaki telefoniczne (#,-,*).\">\n\n\t\t\t\t\t\t<\/div>\n\t\t\t\t\t\t\t\t<div class=\"elementor-field-type-email elementor-field-group elementor-column elementor-field-group-field_ff61e95 elementor-col-50 elementor-field-required\">\n\t\t\t\t\t\t\t\t\t\t\t\t<label for=\"form-field-field_ff61e95\" class=\"elementor-field-label\">\n\t\t\t\t\t\t\t\tAdres e-mail*\t\t\t\t\t\t\t<\/label>\n\t\t\t\t\t\t\t\t\t\t\t\t\t\t<input size=\"1\" type=\"email\" name=\"form_fields[field_ff61e95]\" id=\"form-field-field_ff61e95\" class=\"elementor-field elementor-size-lg  elementor-field-textual\" placeholder=\"np. jankowalski@gmail.com\" required=\"required\">\n\t\t\t\t\t\t\t\t\t\t\t<\/div>\n\t\t\t\t\t\t\t\t<div class=\"elementor-field-type-textarea elementor-field-group elementor-column elementor-field-group-message elementor-col-100 elementor-field-required\">\n\t\t\t\t\t\t\t\t\t\t\t\t<label for=\"form-field-message\" class=\"elementor-field-label\">\n\t\t\t\t\t\t\t\tTwoja wiadomo\u015b\u0107*\t\t\t\t\t\t\t<\/label>\n\t\t\t\t\t\t<textarea class=\"elementor-field-textual elementor-field  elementor-size-lg\" name=\"form_fields[message]\" id=\"form-field-message\" rows=\"5\" placeholder=\"Tre\u015b\u0107 wiadomo\u015bci\" required=\"required\"><\/textarea>\t\t\t\t<\/div>\n\t\t\t\t\t\t\t\t<div class=\"elementor-field-type-acceptance elementor-field-group elementor-column elementor-field-group-field_ef4f595 elementor-col-100 elementor-field-required\">\n\t\t\t\t\t\t\t<div class=\"elementor-field-subgroup\">\n\t\t\t<span class=\"elementor-field-option\">\n\t\t\t\t<input type=\"checkbox\" name=\"form_fields[field_ef4f595]\" id=\"form-field-field_ef4f595\" class=\"elementor-field elementor-size-lg  elementor-acceptance-field\" required=\"required\">\n\t\t\t\t<label for=\"form-field-field_ef4f595\">Zgadzam si\u0119 na przetwarzanie moich danych osobowych przez Vincent Helbig  NIP: 6832145031  w celu w celu kontaktu z Tob\u0105 na Twoj\u0105 pro\u015bb\u0119, jak i r\u00f3wnie\u017c wysy\u0142ania mi newslettera, czyli informacji o produktach blogowych, us\u0142ugach, promocjach lub nowo\u015bciach oraz webinarach zgodnie z\u00a0<a href=\"\/de\/polityka-prywatnosci\/\" target=\"_blank\">polityk\u0105 prywatno\u015bci. <\/a>Wiem, \u017ce zgod\u0119 t\u0119 mog\u0119 w ka\u017cdej chwili cofn\u0105\u0107.<\/label>\t\t\t<\/span>\n\t\t<\/div>\n\t\t\t\t\t\t<\/div>\n\t\t\t\t\t\t\t\t<div class=\"elementor-field-group elementor-column elementor-field-type-submit elementor-col-100 e-form__buttons\">\n\t\t\t\t\t<button class=\"elementor-button elementor-size-sm\" type=\"submit\">\n\t\t\t\t\t\t<span class=\"elementor-button-content-wrapper\">\n\t\t\t\t\t\t\t\t\t\t\t\t\t\t\t<span class=\"elementor-button-icon\">\n\t\t\t\t\t\t\t\t\t<svg xmlns=\"http:\/\/www.w3.org\/2000\/svg\" width=\"12\" height=\"11\" viewbox=\"0 0 12 11\" fill=\"none\"><path d=\"M10.8761 4.20978L7.11495 0.448608L5.87612 1.68744L8.76117 4.57249H0V6.32472H8.76117L5.87612 9.20978L7.11495 10.4486L10.8761 6.68744C11.2046 6.35884 11.3891 5.91324 11.3891 5.44861C11.3891 4.98398 11.2046 4.53837 10.8761 4.20978Z\" fill=\"#131415\"><\/path><\/svg>\t\t\t\t\t\t\t\t\t\t\t\t\t\t\t\t\t<\/span>\n\t\t\t\t\t\t\t\t\t\t\t\t\t\t\t\t\t\t\t\t\t\t<span class=\"elementor-button-text\">Wy\u015blij wiadomo\u015b\u0107<\/span>\n\t\t\t\t\t\t\t\t\t\t\t\t\t<\/span>\n\t\t\t\t\t<\/button>\n\t\t\t\t<\/div>\n\t\t\t<\/div>\n\t\t<input type=\"hidden\" name=\"trp-form-language\" value=\"de\"\/><\/form>\n\t\t\t\t\t\t<\/div>\n\t\t\t\t<\/div>\n\t\t\t\t<\/div>\n\t\t\t\t\t<\/div>\n\t\t\t\t<\/div>\n\t\t\t\t<\/div>\n\t\t<\/div>\n\t\t\t\t\t\t<\/div>\n\t\t\t\t<\/div>\n\t\t\t\t<\/div>","protected":false},"excerpt":{"rendered":"","protected":false},"author":1,"featured_media":0,"parent":0,"menu_order":0,"comment_status":"closed","ping_status":"closed","template":"","meta":{"inline_featured_image":false,"footnotes":""},"class_list":["post-358","page","type-page","status-publish","hentry"],"_links":{"self":[{"href":"https:\/\/vincenthelbig.pl\/de\/wp-json\/wp\/v2\/pages\/358","targetHints":{"allow":["GET"]}}],"collection":[{"href":"https:\/\/vincenthelbig.pl\/de\/wp-json\/wp\/v2\/pages"}],"about":[{"href":"https:\/\/vincenthelbig.pl\/de\/wp-json\/wp\/v2\/types\/page"}],"author":[{"embeddable":true,"href":"https:\/\/vincenthelbig.pl\/de\/wp-json\/wp\/v2\/users\/1"}],"replies":[{"embeddable":true,"href":"https:\/\/vincenthelbig.pl\/de\/wp-json\/wp\/v2\/comments?post=358"}],"version-history":[{"count":4,"href":"https:\/\/vincenthelbig.pl\/de\/wp-json\/wp\/v2\/pages\/358\/revisions"}],"predecessor-version":[{"id":362,"href":"https:\/\/vincenthelbig.pl\/de\/wp-json\/wp\/v2\/pages\/358\/revisions\/362"}],"wp:attachment":[{"href":"https:\/\/vincenthelbig.pl\/de\/wp-json\/wp\/v2\/media?parent=358"}],"curies":[{"name":"wp","href":"https:\/\/api.w.org\/{rel}","templated":true}]}}