{"id":492,"date":"2025-08-01T18:50:46","date_gmt":"2025-08-01T16:50:46","guid":{"rendered":"https:\/\/vincenthelbig.pl\/?post_type=product&#038;p=492"},"modified":"2025-08-11T11:35:45","modified_gmt":"2025-08-11T09:35:45","slug":"skuteczna-nauka-jezyka-pakiet-2-ebookow","status":"publish","type":"product","link":"https:\/\/vincenthelbig.pl\/de\/produkt\/skuteczna-nauka-jezyka-pakiet-2-ebookow\/","title":{"rendered":"Skuteczna nauka j\u0119zyka &#8211; Pakiet 2 ebook\u00f3w"},"content":{"rendered":"<p>Pakiet ebookowy (Polska i niemiecka wersja razem)<\/p>\n<p>Ten ebook to przewodnik, kt\u00f3ry stworzy\u0142em na podstawie w\u0142asnych do\u015bwiadcze\u0144 z nauk\u0105 j\u0119zyka obcego od podstaw. Pokazuj\u0119 w nim, jakie nastawienie jest kluczowe, od czego warto zacz\u0105\u0107, jak wybra\u0107 odpowiedni kurs j\u0119zykowy, jakie metody nauki naprawd\u0119 dzia\u0142aj\u0105 i jeszcze du\u017co wi\u0119cej. To nie teoria z ksi\u0105\u017cek, ale sprawdzone sposoby, kt\u00f3re pomog\u0142y mi szybko i skutecznie nauczy\u0107 si\u0119 j\u0119zyka obcego. Dodatkowo, ebook powsta\u0142 we wsp\u00f3\u0142pracy z ekspertami z dziedziny filologii i socjologii, dzi\u0119ki czemu zawarte w nim tre\u015bci s\u0105 nie tylko praktyczne, ale te\u017c merytorycznie solidne. Je\u015bli chcesz uczy\u0107 si\u0119 skutecznie i z przyjemno\u015bci\u0105 \u2013 to co\u015b dla Ciebie.<\/p>","protected":false},"excerpt":{"rendered":"<p>Ten ebook to przewodnik, kt\u00f3ry stworzy\u0142em na podstawie w\u0142asnych do\u015bwiadcze\u0144 z nauk\u0105 j\u0119zyka obcego od podstaw.<\/p>","protected":false},"featured_media":574,"template":"","meta":{"inline_featured_image":false},"product_brand":[],"product_cat":[17],"product_tag":[],"class_list":{"0":"post-492","1":"product","2":"type-product","3":"status-publish","4":"has-post-thumbnail","6":"product_cat-e-book","8":"first","9":"instock","10":"sale","11":"downloadable","12":"virtual","13":"purchasable","14":"product-type-simple"},"_links":{"self":[{"href":"https:\/\/vincenthelbig.pl\/de\/wp-json\/wp\/v2\/product\/492","targetHints":{"allow":["GET"]}}],"collection":[{"href":"https:\/\/vincenthelbig.pl\/de\/wp-json\/wp\/v2\/product"}],"about":[{"href":"https:\/\/vincenthelbig.pl\/de\/wp-json\/wp\/v2\/types\/product"}],"wp:featuredmedia":[{"embeddable":true,"href":"https:\/\/vincenthelbig.pl\/de\/wp-json\/wp\/v2\/media\/574"}],"wp:attachment":[{"href":"https:\/\/vincenthelbig.pl\/de\/wp-json\/wp\/v2\/media?parent=492"}],"wp:term":[{"taxonomy":"product_brand","embeddable":true,"href":"https:\/\/vincenthelbig.pl\/de\/wp-json\/wp\/v2\/product_brand?post=492"},{"taxonomy":"product_cat","embeddable":true,"href":"https:\/\/vincenthelbig.pl\/de\/wp-json\/wp\/v2\/product_cat?post=492"},{"taxonomy":"product_tag","embeddable":true,"href":"https:\/\/vincenthelbig.pl\/de\/wp-json\/wp\/v2\/product_tag?post=492"}],"curies":[{"name":"wp","href":"https:\/\/api.w.org\/{rel}","templated":true}]}}